{"id":1720,"date":"2022-08-04T05:42:00","date_gmt":"2022-08-04T05:42:00","guid":{"rendered":"https:\/\/demo.bravisthemes.com\/meddox\/?page_id=1720"},"modified":"2024-10-16T20:15:22","modified_gmt":"2024-10-16T20:15:22","slug":"dr-omnia-ramadan","status":"publish","type":"page","link":"https:\/\/clinipaz.com\/nuevo\/dr-omnia-ramadan\/","title":{"rendered":"Dra Martha Robalino Pe\u00f1a"},"content":{"rendered":"\t\t<div data-elementor-type=\"wp-page\" data-elementor-id=\"1720\" class=\"elementor elementor-1720\" data-elementor-post-type=\"page\">\n\t\t\t\t        <section class=\"elementor-section elementor-top-section elementor-element elementor-element-9042e8f elementor-section-boxed elementor-section-height-default elementor-section-height-default pxl-type-header-none pxl-bg-color-none pxl-row-scroll-none\" data-id=\"9042e8f\" data-element_type=\"section\">\n\n                \n                <div class=\"elementor-container elementor-column-gap-extended \">\n                <div class=\"elementor-column elementor-col-50 elementor-top-column elementor-element elementor-element-d08cf9f pxl-col-none pxl-column-none\" data-id=\"d08cf9f\" data-element_type=\"column\">\r\n        <div class=\"elementor-widget-wrap elementor-element-populated\">\r\n                     \r\n        \t\t<div class=\"elementor-element elementor-element-d5c66d5 elementor-widget elementor-widget-pxl_team_grid\" data-id=\"d5c66d5\" data-element_type=\"widget\" data-widget_type=\"pxl_team_grid.default\">\n\t\t\t\t<div class=\"elementor-widget-container\">\n\t\t\t\t\t<div class=\"pxl-grid pxl-team-grid pxl-team-grid1\">\r\n    <div class=\"pxl-grid-inner pxl-grid-masonry row\" data-gutter=\"15\">\r\n\r\n                <div class=\"elementor-repeater-item-5660c78 pxl-grid-item col-xl-12 col-lg-12 col-md-12 col-sm-12 col-12\">\r\n            <div class=\"pxl-item--inner \">\r\n                                    <div class=\"pxl-item--image\">\r\n                        <img fetchpriority=\"high\" decoding=\"async\" width=\"1080\" height=\"1080\" src=\"https:\/\/clinipaz.com\/nuevo\/wp-content\/uploads\/2024\/10\/w5T2A0669-2.jpg\" class=\"no-lazyload attachment-full\" alt=\"\" \/>                        <div class=\"pxl-item--social\">\r\n                                                            <span class=\"pxl-item--button\"><\/span>\r\n                                                                    <a href=\"mailto:m.l.rob@hotmail.com\" target=\"_blank\"><i class=\"far fa-mailbox\"><\/i><\/a>\r\n                                                        <\/div>\r\n                    <\/div>\r\n                                <div class=\"pxl-item--meta\">\r\n                    <div class=\"pxl-item--title\">\r\n                        <a >\r\n                            Dra.Martha Luc\u00eda Robalino Pe\u00f1a                         <\/a>\r\n                    <\/div>\r\n                    <div class=\"pxl-item--position\">Especialista en Ginecolog\u00eda y Obstetricia<\/div>\r\n\r\n                <\/div>\r\n            <\/div>\r\n        <\/div>\r\n        <div class=\"grid-sizer col-xl-12 col-lg-12 col-md-12 col-sm-12 col-12\"><\/div>\r\n<\/div>\r\n<\/div>\r\n\t\t\t\t<\/div>\n\t\t\t\t<\/div>\n\t\t            <\/div>\r\n        <\/div>\r\n                <div class=\"elementor-column elementor-col-50 elementor-top-column elementor-element elementor-element-4edc8c1 pxl-col-none pxl-column-none\" data-id=\"4edc8c1\" data-element_type=\"column\">\r\n        <div class=\"elementor-widget-wrap elementor-element-populated\">\r\n                     \r\n        \t\t<div class=\"elementor-element elementor-element-a3be9a2 elementor-widget elementor-widget-pxl_heading\" data-id=\"a3be9a2\" data-element_type=\"widget\" data-widget_type=\"pxl_heading.default\">\n\t\t\t\t<div class=\"elementor-widget-container\">\n\t\t\t\t\t<div class=\"pxl-heading\">\n\t<div class=\"pxl-heading--inner\">\n\t\t\t<h3 class=\"pxl-item--title  highlight-default Rajdhani\" data-wow-delay=\"ms\">\n\tDra Martha Luc\u00eda Robalino Pe\u00f1a \t\t\n\t<\/h3>\n<\/div>\n<\/div>\t\t\t\t<\/div>\n\t\t\t\t<\/div>\n\t\t\t\t<div class=\"elementor-element elementor-element-5dbf035 elementor-widget elementor-widget-pxl_text_editor\" data-id=\"5dbf035\" data-element_type=\"widget\" data-widget_type=\"pxl_text_editor.default\">\n\t\t\t\t<div class=\"elementor-widget-container\">\n\t\t\t\t\t<div class=\"pxl-text-editor\">\n\t<div class=\"pxl-item--inner  \" data-wow-delay=\"ms\">\n\t\t<p>El <strong>Especialista en Ginecolog\u00eda y Obstetricia<\/strong> se encarga del cuidado integral de la salud femenina en todas las etapas de la vida, desde la adolescencia hasta la menopausia. En ginecolog\u00eda, diagnostica y trata las afecciones del aparato reproductor femenino, como infecciones, alteraciones hormonales y problemas de fertilidad, utilizando t\u00e9cnicas innovadoras y poco invasivas. En obstetricia, supervisa y acompa\u00f1a el proceso de embarazo, parto y postparto, asegurando tanto la salud de la madre como del beb\u00e9. Adem\u00e1s, brinda asesoramiento sobre planificaci\u00f3n familiar y cuidados prenatales para garantizar un embarazo seguro y saludable.<\/p>\t<\/div>\n<\/div>\t\t\t\t<\/div>\n\t\t\t\t<\/div>\n\t\t            <\/div>\r\n        <\/div>\r\n        \t\t\t<\/div>\n\t\t<\/section>\n\t\t\t\t<\/div>\n\t\t","protected":false},"excerpt":{"rendered":"<p>Dra.Martha Luc\u00eda Robalino Pe\u00f1a Especialista en Ginecolog\u00eda y Obstetricia Dra Martha Luc\u00eda Robalino Pe\u00f1a El Especialista en Ginecolog\u00eda y Obstetricia se encarga del cuidado integral de la salud femenina en todas las etapas de la vida, desde la adolescencia hasta la menopausia. En ginecolog\u00eda, diagnostica y trata las afecciones del aparato reproductor femenino, como infecciones, [&hellip;]<\/p>\n","protected":false},"author":1,"featured_media":0,"parent":0,"menu_order":0,"comment_status":"closed","ping_status":"closed","template":"","meta":{"footnotes":""},"class_list":["post-1720","page","type-page","status-publish","hentry"],"_links":{"self":[{"href":"https:\/\/clinipaz.com\/nuevo\/wp-json\/wp\/v2\/pages\/1720","targetHints":{"allow":["GET"]}}],"collection":[{"href":"https:\/\/clinipaz.com\/nuevo\/wp-json\/wp\/v2\/pages"}],"about":[{"href":"https:\/\/clinipaz.com\/nuevo\/wp-json\/wp\/v2\/types\/page"}],"author":[{"embeddable":true,"href":"https:\/\/clinipaz.com\/nuevo\/wp-json\/wp\/v2\/users\/1"}],"replies":[{"embeddable":true,"href":"https:\/\/clinipaz.com\/nuevo\/wp-json\/wp\/v2\/comments?post=1720"}],"version-history":[{"count":10,"href":"https:\/\/clinipaz.com\/nuevo\/wp-json\/wp\/v2\/pages\/1720\/revisions"}],"predecessor-version":[{"id":4876,"href":"https:\/\/clinipaz.com\/nuevo\/wp-json\/wp\/v2\/pages\/1720\/revisions\/4876"}],"wp:attachment":[{"href":"https:\/\/clinipaz.com\/nuevo\/wp-json\/wp\/v2\/media?parent=1720"}],"curies":[{"name":"wp","href":"https:\/\/api.w.org\/{rel}","templated":true}]}}